{"id":158,"date":"2024-08-14T21:46:28","date_gmt":"2024-08-14T19:46:28","guid":{"rendered":"https:\/\/boodie.eu\/?post_type=product&#038;p=158"},"modified":"2025-05-12T22:21:02","modified_gmt":"2025-05-12T20:21:02","slug":"boodie-hoodie","status":"publish","type":"product","link":"https:\/\/boodie.eu\/de\/produkt\/boodie-hoodie\/","title":{"rendered":"Boodie Hoodie"},"content":{"rendered":"<p>Der Boodie ist eine Komfortweste mit einer d\u00e4mpfenden Wirkung f\u00fcr Licht und Ton. Unsere Mission ist eine integrative Gesellschaft, in der jeder soziale Aktivit\u00e4ten wie Kultur genie\u00dfen kann.<\/p>","protected":false},"excerpt":{"rendered":"<p>Der Boodie ist eine Komfortweste mit einer d\u00e4mpfenden Wirkung f\u00fcr Licht und Ton. Unsere Mission ist eine integrative Gesellschaft, in der jeder soziale Aktivit\u00e4ten wie Kultur genie\u00dfen kann.<\/p>","protected":false},"featured_media":554,"template":"","meta":{"inline_featured_image":false},"product_brand":[],"product_cat":[16],"product_tag":[],"class_list":{"0":"post-158","1":"product","2":"type-product","3":"status-publish","4":"has-post-thumbnail","6":"product_cat-uncategorized","8":"first","9":"instock","10":"shipping-taxable","11":"purchasable","12":"product-type-variable","13":"has-default-attributes"},"_links":{"self":[{"href":"https:\/\/boodie.eu\/de\/wp-json\/wp\/v2\/product\/158","targetHints":{"allow":["GET"]}}],"collection":[{"href":"https:\/\/boodie.eu\/de\/wp-json\/wp\/v2\/product"}],"about":[{"href":"https:\/\/boodie.eu\/de\/wp-json\/wp\/v2\/types\/product"}],"wp:featuredmedia":[{"embeddable":true,"href":"https:\/\/boodie.eu\/de\/wp-json\/wp\/v2\/media\/554"}],"wp:attachment":[{"href":"https:\/\/boodie.eu\/de\/wp-json\/wp\/v2\/media?parent=158"}],"wp:term":[{"taxonomy":"product_brand","embeddable":true,"href":"https:\/\/boodie.eu\/de\/wp-json\/wp\/v2\/product_brand?post=158"},{"taxonomy":"product_cat","embeddable":true,"href":"https:\/\/boodie.eu\/de\/wp-json\/wp\/v2\/product_cat?post=158"},{"taxonomy":"product_tag","embeddable":true,"href":"https:\/\/boodie.eu\/de\/wp-json\/wp\/v2\/product_tag?post=158"}],"curies":[{"name":"wp","href":"https:\/\/api.w.org\/{rel}","templated":true}]}}