{"id":42,"date":"2024-06-25T11:55:39","date_gmt":"2024-06-25T09:55:39","guid":{"rendered":"https:\/\/boodie.eu\/?page_id=42"},"modified":"2025-03-13T11:27:04","modified_gmt":"2025-03-13T10:27:04","slug":"contact","status":"publish","type":"page","link":"https:\/\/boodie.eu\/de\/contact\/","title":{"rendered":"Kontakt"},"content":{"rendered":"<section class=\"l-section wpb_row us_custom_54aef480 height_large\"><div class=\"l-section-h i-cf\"><div class=\"g-cols vc_row via_flex valign_top type_default stacking_default\"><div class=\"vc_col-sm-5 wpb_column vc_column_container\"><div class=\"vc_column-inner\"><div class=\"wpb_wrapper\"><div class=\"wpb_text_column\"><div class=\"wpb_wrapper\"><h2>Kontakt<\/h2>\n<\/div><\/div><div class=\"wpb_text_column us_custom_029c40e5\"><div class=\"wpb_wrapper\"><p>Haben Sie noch Fragen? Dann z\u00f6gern Sie nicht, uns zu kontaktieren.<\/p>\n<\/div><\/div><div class=\"w-iconbox us_custom_dfad6dcc iconpos_left style_default color_primary align_left no_text\"><a href=\"mailto:contact@boodie.eu\" class=\"w-iconbox-link\" aria-label=\"contact@boodie.eu\"><div class=\"w-iconbox-icon\" style=\"font-size:1rem;\"><i class=\"fas fa-envelope\"><\/i><\/div><\/a><div class=\"w-iconbox-meta\"><h6 class=\"w-iconbox-title\"><a href=\"mailto:contact@boodie.eu\" class=\"w-iconbox-link\" aria-label=\"contact@boodie.eu\">contact@boodie.eu<\/a><\/h6><\/div><\/div><div class=\"w-socials us_custom_1e0e9307 color_link shape_circle style_outlined hover_fade\" style=\"--gap:6px;\"><div class=\"w-socials-list\"><div class=\"w-socials-item instagram\"><a target=\"_blank\" href=\"https:\/\/www.instagram.com\/boodiefeelgoodhoodie\/\" class=\"w-socials-item-link\" aria-label=\"Instagram\" rel=\"noopener\"><span class=\"w-socials-item-link-hover\"><\/span><i class=\"fab fa-instagram\"><\/i><\/a><div class=\"w-socials-item-popup\"><span>Instagram<\/span><\/div><\/div><div class=\"w-socials-item facebook\"><a target=\"_blank\" href=\"https:\/\/www.facebook.com\/profile.php?id=61565017437391\" class=\"w-socials-item-link\" aria-label=\"Facebook\" rel=\"noopener\"><span class=\"w-socials-item-link-hover\"><\/span><i class=\"fab fa-facebook\"><\/i><\/a><div class=\"w-socials-item-popup\"><span>Facebook<\/span><\/div><\/div><div class=\"w-socials-item linkedin\"><a target=\"_blank\" href=\"https:\/\/www.linkedin.com\/company\/boodie-feelgood-hoodie\" class=\"w-socials-item-link\" aria-label=\"LinkedIn\" rel=\"noopener\"><span class=\"w-socials-item-link-hover\"><\/span><i class=\"fab fa-linkedin\"><\/i><\/a><div class=\"w-socials-item-popup\"><span>LinkedIn<\/span><\/div><\/div><\/div><\/div><div class=\"w-image us_custom_26687c55 align_center\"><div class=\"w-image-h\"><img decoding=\"async\" width=\"764\" height=\"744\" src=\"https:\/\/boodie.eu\/wp-content\/uploads\/2025\/03\/Boodie-contact.png\" class=\"attachment-full size-full\" alt=\"\" loading=\"lazy\" srcset=\"https:\/\/boodie.eu\/wp-content\/uploads\/2025\/03\/Boodie-contact.png 764w, https:\/\/boodie.eu\/wp-content\/uploads\/2025\/03\/Boodie-contact-300x292.png 300w, https:\/\/boodie.eu\/wp-content\/uploads\/2025\/03\/Boodie-contact-600x584.png 600w, https:\/\/boodie.eu\/wp-content\/uploads\/2025\/03\/Boodie-contact-50x50.png 50w\" sizes=\"auto, (max-width: 764px) 100vw, 764px\" \/><\/div><\/div><\/div><\/div><\/div><div class=\"vc_col-sm-7 wpb_column vc_column_container\"><div class=\"vc_column-inner\"><div class=\"wpb_wrapper\"><div class=\"g-cols wpb_row via_flex valign_top type_boxes stacking_default\"><div class=\"vc_col-sm-12 wpb_column vc_column_container has_bg_color\"><div class=\"vc_column-inner us_custom_ea5e5ff0\"><div class=\"wpb_wrapper\"><div class=\"wpb_text_column us_custom_029c40e5\"><div class=\"wpb_wrapper\"><\/div><\/div><div class=\"wpb_text_column\"><div class=\"wpb_wrapper\"><h5 style=\"text-align: center;\">Senden Sie uns eine Nachricht!<\/h5>\n<\/div><\/div><div class=\"wpb_text_column\"><div class=\"wpb_wrapper\">\n<div class=\"wpcf7 no-js\" id=\"wpcf7-f6-o1\" lang=\"en\" dir=\"ltr\" data-wpcf7-id=\"6\">\n<div class=\"screen-reader-response\"><p role=\"status\" aria-live=\"polite\" aria-atomic=\"true\"><\/p> <ul><\/ul><\/div>\n<form action=\"\/de\/wp-json\/wp\/v2\/pages\/42#wpcf7-f6-o1\" method=\"post\" class=\"wpcf7-form init\" aria-label=\"Kontaktformular\" novalidate=\"novalidate\" data-status=\"init\" data-trp-original-action=\"\/de\/wp-json\/wp\/v2\/pages\/42#wpcf7-f6-o1\">\n<fieldset class=\"hidden-fields-container\"><input type=\"hidden\" name=\"_wpcf7\" value=\"6\" \/><input type=\"hidden\" name=\"_wpcf7_version\" value=\"6.1.5\" \/><input type=\"hidden\" name=\"_wpcf7_locale\" value=\"en\" \/><input type=\"hidden\" name=\"_wpcf7_unit_tag\" value=\"wpcf7-f6-o1\" \/><input type=\"hidden\" name=\"_wpcf7_container_post\" value=\"0\" \/><input type=\"hidden\" name=\"_wpcf7_posted_data_hash\" value=\"\" \/>\n<\/fieldset>\n<p><label> Name<br \/>\n<span class=\"wpcf7-form-control-wrap\" data-name=\"your-name\"><input size=\"40\" maxlength=\"400\" class=\"wpcf7-form-control wpcf7-text wpcf7-validates-as-required\" autocomplete=\"name\" aria-required=\"true\" aria-invalid=\"false\" value=\"\" type=\"text\" name=\"your-name\" \/><\/span> <\/label>\n<\/p>\n<p><label> E-Mail<br \/>\n<span class=\"wpcf7-form-control-wrap\" data-name=\"your-email\"><input size=\"40\" maxlength=\"400\" class=\"wpcf7-form-control wpcf7-email wpcf7-validates-as-required wpcf7-text wpcf7-validates-as-email\" autocomplete=\"email\" aria-required=\"true\" aria-invalid=\"false\" value=\"\" type=\"email\" name=\"your-email\" \/><\/span> <\/label>\n<\/p>\n<p><label> Nachricht<br \/>\n<span class=\"wpcf7-form-control-wrap\" data-name=\"your-message\"><textarea cols=\"40\" rows=\"10\" maxlength=\"2000\" class=\"wpcf7-form-control wpcf7-textarea wpcf7-validates-as-required\" aria-required=\"true\" aria-invalid=\"false\" name=\"your-message\"><\/textarea><\/span> <\/label>\n<\/p>\n<p style=\"font-size: 0.80rem;\">Mit der Nutzung dieses Formulars erkl\u00e4ren Sie sich mit der Verarbeitung Ihrer pers\u00f6nlichen Daten gem\u00e4\u00df unserer <a href=\"\/de\/privacyverklaring\/\" target=\"_blank\" >Erkl\u00e4rung zum Datenschutz<\/a>.\n<\/p>\n<p><input class=\"wpcf7-form-control wpcf7-submit has-spinner\" type=\"submit\" value=\"Versand\" \/>\n<\/p><div class=\"wpcf7-response-output\" aria-hidden=\"true\"><\/div>\n<input type=\"hidden\" name=\"trp-form-language\" value=\"de\"\/><\/form>\n<\/div>\n\n<\/div><\/div><\/div><\/div><\/div><\/div><\/div><\/div><\/div><\/div><\/div><\/section><section class=\"l-section wpb_row height_auto width_full\"><div class=\"l-section-h i-cf\"><div class=\"g-cols vc_row via_flex valign_top type_default stacking_default\"><div class=\"vc_col-sm-12 wpb_column vc_column_container\"><div class=\"vc_column-inner\"><div class=\"wpb_wrapper\"><div class=\"wpb_text_column us_custom_9ad16fb4 large-dynamic-text has_text_color\"><div class=\"wpb_wrapper\"><h1 style=\"text-align: center;\">Einf\u00fchlsam Innovativ \u00c4sthetisch Inklusiv Wiedererkennbar Zeitlos Sicher<\/h1>\n<\/div><\/div><\/div><\/div><\/div><\/div><\/div><\/section>\n<section class=\"l-section wpb_row us_custom_e11ab399 height_small\"><div class=\"l-section-h i-cf\"><div class=\"g-cols vc_row via_flex valign_top type_default stacking_default\"><div class=\"vc_col-sm-12 wpb_column vc_column_container\"><div class=\"vc_column-inner\"><div class=\"wpb_wrapper\"><\/div><\/div><\/div><\/div><\/div><\/section><section class=\"l-section wpb_row us_custom_54aef480 height_large\"><div class=\"l-section-h i-cf\"><div class=\"g-cols vc_row via_flex valign_top type_default stacking_default\"><div class=\"vc_col-sm-6 wpb_column vc_column_container\"><div class=\"vc_column-inner\"><div class=\"wpb_wrapper\"><div class=\"wpb_text_column\"><div class=\"wpb_wrapper\"><h2>H\u00e4ufig gestellte Fragen<\/h2>\n<\/div><\/div><div class=\"wpb_text_column us_custom_e4648a40\"><div class=\"wpb_wrapper\"><p><span data-metadata=\"&lt;!--(figmeta)eyJmaWxlS2V5IjoiS0pvTVFLeWdWeHAwVUQ3c1lhNGh3cyIsInBhc3RlSUQiOjE2MTgxNzQ0MDAsImRhdGFUeXBlIjoic2NlbmUifQo=(\/figmeta)--&gt;\"><\/span>Hier finden Sie alle h\u00e4ufig gestellten Fragen aufgelistet. Ist Ihre Frage nicht dabei? Dann z\u00f6gern Sie nicht, uns zu kontaktieren.<\/p>\n<\/div><\/div><div class=\"w-btn-wrapper align_none\"><a class=\"w-btn us-btn-style_1 icon_atright\" href=\"\/de\/contact\/\"><span class=\"w-btn-label\">Kontakt aufnehmen<\/span><i class=\"far fa-arrow-right\"><\/i><\/a><\/div><\/div><\/div><\/div><div class=\"vc_col-sm-6 wpb_column vc_column_container\"><div class=\"vc_column-inner\"><div class=\"wpb_wrapper\"><div class=\"w-tabs us_custom_6111e7b6 style_default switch_click accordion remove_indents\" style=\"--sections-title-size:clamp(20px, 2.4vw, 24px)\"><div class=\"w-tabs-sections titles-align_none icon_plus cpos_right\"><div class=\"w-tabs-section no_indents\" id=\"s122\"><button class=\"w-tabs-section-header\" aria-controls=\"content-s122\" aria-expanded=\"false\"><h5 class=\"w-tabs-section-title\">Welche Gr\u00f6\u00dfe ben\u00f6tige ich?<\/h5><div class=\"w-tabs-section-control\"><\/div><\/button><div  class=\"w-tabs-section-content\" id=\"content-s122\"><div class=\"w-tabs-section-content-h i-cf\"><div class=\"wpb_text_column\"><div class=\"wpb_wrapper\"><p><span data-metadata=\"&lt;!--(figmeta)eyJmaWxlS2V5IjoiS0pvTVFLeWdWeHAwVUQ3c1lhNGh3cyIsInBhc3RlSUQiOjE2MTgxNzQ0MDAsImRhdGFUeXBlIjoic2NlbmUifQo=(\/figmeta)--&gt;\"><\/span>Der Boodie kommt in einer bequemen \u00dcbergr\u00f6\u00dfe, die jedem passt. In unserem Webshop und auf unserem Instagram-Feed siehst du verschiedene Models mit unterschiedlichen Gr\u00f6\u00dfen, die alle die gleiche Boodie-Gr\u00f6\u00dfe tragen. Nat\u00fcrlich ist die Kapuze sch\u00f6n eng anliegend, damit Au\u00dfenger\u00e4usche so gut wie m\u00f6glich abgeschirmt werden. M\u00f6chten Sie den Boodie anprobieren oder mieten? Das k\u00f6nnen Sie bei Heikeshandel (<a href=\"https:\/\/heikeshandel.nl\/\" target=\"_blank\" rel=\"noopener\">heikeshandel.nl<\/a>).<\/p>\n<\/div><\/div><\/div><\/div><\/div><div class=\"w-tabs-section no_indents\" id=\"p1d9\"><button class=\"w-tabs-section-header\" aria-controls=\"content-p1d9\" aria-expanded=\"false\"><h5 class=\"w-tabs-section-title\">Warum haben Sie sich f\u00fcr eine \u00e4rmellose Strickjacke entschieden?<\/h5><div class=\"w-tabs-section-control\"><\/div><\/button><div  class=\"w-tabs-section-content\" id=\"content-p1d9\"><div class=\"w-tabs-section-content-h i-cf\"><div class=\"wpb_text_column\"><div class=\"wpb_wrapper\"><p><span data-metadata=\"&lt;!--(figmeta)eyJmaWxlS2V5IjoiS0pvTVFLeWdWeHAwVUQ3c1lhNGh3cyIsInBhc3RlSUQiOjE2MTgxNzQ0MDAsImRhdGFUeXBlIjoic2NlbmUifQo=(\/figmeta)--&gt;\"><\/span>Der Boodie ist eine Ganzjahresweste. \u00c4rmellos k\u00f6nnen Sie die Weste im Sommer mit einem Mieder und im Winter mit einem Pullover tragen.<\/p>\n<\/div><\/div><\/div><\/div><\/div><div class=\"w-tabs-section no_indents\" id=\"g2c6\"><button class=\"w-tabs-section-header\" aria-controls=\"content-g2c6\" aria-expanded=\"false\"><h5 class=\"w-tabs-section-title\">Ist das Produkt nachhaltig?<\/h5><div class=\"w-tabs-section-control\"><\/div><\/button><div  class=\"w-tabs-section-content\" id=\"content-g2c6\"><div class=\"w-tabs-section-content-h i-cf\"><div class=\"wpb_text_column\"><div class=\"wpb_wrapper\"><p><span style=\"font-weight: 400;\">Neben Komfort, Tragekomfort und Passform stellen wir hohe Anforderungen an die Produktion. Die Produktion des Boodie erfolgt mit Unterst\u00fctzung von Gray-Label <\/span><a href=\"https:\/\/gray-label.com\/\" target=\"_blank\" rel=\"noopener\"><span style=\"font-weight: 400;\">https:\/\/gray-label.com\/<\/span><\/a><span style=\"font-weight: 400;\"> (blauer und schwarzer Boodie) und die N\u00e4hwerkstatt von Thread and deed <\/span><a href=\"https:\/\/draadendaad.nl\/\" target=\"_blank\" rel=\"noopener\"><span style=\"font-weight: 400;\">Draht und Urkunde<\/span><\/a><span style=\"font-weight: 400;\"> (Green Boodie). Wir bem\u00fchen uns, unsere Auswirkungen auf die Umwelt zu minimieren. Unser Leitprinzip ist es, qualitativ hochwertige Produkte herzustellen, die mehrere Lebenszyklen \u00fcberdauern.\u00a0<\/span><\/p>\n<\/div><\/div><\/div><\/div><\/div><div class=\"w-tabs-section no_indents\" id=\"n36c\"><button class=\"w-tabs-section-header\" aria-controls=\"content-n36c\" aria-expanded=\"false\"><h5 class=\"w-tabs-section-title\">Kann ich es richtig waschen?<\/h5><div class=\"w-tabs-section-control\"><\/div><\/button><div  class=\"w-tabs-section-content\" id=\"content-n36c\"><div class=\"w-tabs-section-content-h i-cf\"><div class=\"wpb_text_column\"><div class=\"wpb_wrapper\"><p><span data-metadata=\"&lt;!--(figmeta)eyJmaWxlS2V5IjoiS0pvTVFLeWdWeHAwVUQ3c1lhNGh3cyIsInBhc3RlSUQiOjE2MTgxNzQ0MDAsImRhdGFUeXBlIjoic2NlbmUifQo=(\/figmeta)--&gt;\"><\/span>Am besten waschen Sie den Baumwoll-Boodie \u201ckalt\u201d oder bis 30 Grad, auf links und mit einem fl\u00fcssigen Feinwaschmittel. Nicht mit Denim, sondern mit \u00e4hnlichen Farben waschen und auf keinen Fall im Trockner trocknen. Bitte beachten Sie, dass Baumwolle ein Naturprodukt ist, das sich mit der Zeit verf\u00e4rben kann.<br \/>\nDa man den Boodie \u00fcber der Kleidung tr\u00e4gt (wie eine Jacke), muss er nicht so oft gewaschen werden und h\u00e4lt daher lange.<\/p>\n<\/div><\/div><\/div><\/div><\/div><div class=\"w-tabs-section no_indents\" id=\"f4ac\"><button class=\"w-tabs-section-header\" aria-controls=\"content-f4ac\" aria-expanded=\"false\"><h5 class=\"w-tabs-section-title\">Wie funktioniert der Versand?<\/h5><div class=\"w-tabs-section-control\"><\/div><\/button><div  class=\"w-tabs-section-content\" id=\"content-f4ac\"><div class=\"w-tabs-section-content-h i-cf\"><div class=\"wpb_text_column\"><div class=\"wpb_wrapper\"><p><span style=\"font-weight: 400;\">Alle Pakete innerhalb der Niederlande werden mit PostNL verschickt.\u00a0<\/span><\/p>\n<p><b>Niederlande<\/b><\/p>\n<p><span style=\"font-weight: 400;\">Boodies werden in kleinen Chargen hergestellt und sorgf\u00e4ltig von Hand verpackt. Daher ist die Lieferzeit etwas l\u00e4nger als bei normalen Produkten. Sie erhalten Ihre Bestellung sp\u00e4testens 4 Wochen nach Zahlungseingang.<\/span><\/p>\n<p><b>Europa und andere L\u00e4nder<\/b><\/p>\n<p><span style=\"font-weight: 400;\">Schicken Sie uns eine E-Mail, wenn Sie aus einem anderen Land bestellen. Wir werden Ihnen dann die Kosten und Bedingungen mitteilen. Post an <\/span><a href=\"mailto:contact@boodie.eu\"><span style=\"font-weight: 400;\">contact@boodie.eu<\/span><\/a><span style=\"font-weight: 400;\"> dann schicken wir Ihnen die Anweisungen.<\/span><\/p>\n<\/div><\/div><\/div><\/div><\/div><div class=\"w-tabs-section no_indents\" id=\"q57a\"><button class=\"w-tabs-section-header\" aria-controls=\"content-q57a\" aria-expanded=\"false\"><h5 class=\"w-tabs-section-title\">Wie funktioniert das R\u00fcckgabeverfahren?<\/h5><div class=\"w-tabs-section-control\"><\/div><\/button><div  class=\"w-tabs-section-content\" id=\"content-q57a\"><div class=\"w-tabs-section-content-h i-cf\"><div class=\"wpb_text_column\"><div class=\"wpb_wrapper\"><p><span style=\"font-weight: 400;\">Der Boodie wurde sorgf\u00e4ltig f\u00fcr Menschen mit Reiz\u00fcberempfindlichkeit entwickelt, und jedes St\u00fcck wird mit Sorgfalt hergestellt. R\u00fccksendungen belasten nicht nur die Umwelt, sondern k\u00f6nnen auch durch bewusste Entscheidungen vermieden werden. R\u00fccksendungen? Post an <\/span><a href=\"mailto:contact@boodie.eu\"><span style=\"font-weight: 400;\">contact@boodie.eu<\/span><\/a><span style=\"font-weight: 400;\">\u00a0Sie werden dann weitere Anweisungen erhalten.\u00a0<\/span><\/p>\n<\/div><\/div><\/div><\/div><\/div><div class=\"w-tabs-section no_indents\" id=\"f615\"><button class=\"w-tabs-section-header\" aria-controls=\"content-f615\" aria-expanded=\"false\"><h5 class=\"w-tabs-section-title\">Wie kann ich dazu beitragen, etwas zu bewirken?<\/h5><div class=\"w-tabs-section-control\"><\/div><\/button><div  class=\"w-tabs-section-content\" id=\"content-f615\"><div class=\"w-tabs-section-content-h i-cf\"><div class=\"wpb_text_column\"><div class=\"wpb_wrapper\"><p><span style=\"font-weight: 400;\">Unser Ziel ist eine integrative Gesellschaft, in der jeder Kunst und Kultur genie\u00dfen kann. The Boodie unterst\u00fctzt die NAH-yes! Dieser Theaterverein setzt sich f\u00fcr Menschen mit nicht angeborenen Hirnsch\u00e4digungen (NAH) ein. Gemeinsam machen wir einen Unterschied f\u00fcr Menschen, die zus\u00e4tzliche Unterst\u00fctzung brauchen!<\/span><\/p>\n<\/div><\/div><\/div><\/div><\/div><\/div><\/div><\/div><\/div><\/div><\/div><\/div><\/section>","protected":false},"excerpt":{"rendered":"Kontakt Haben Sie noch Fragen? Dann z\u00f6gern Sie nicht, uns zu kontaktieren. contact@boodie.euInstagramFacebookLinkedInStuur uns eine Nachricht! Name E-Mail Nachricht Mit der Nutzung dieses Formulars erkl\u00e4ren Sie sich mit der Verarbeitung Ihrer personenbezogenen Daten gem\u00e4\u00df unserer Datenschutzerkl\u00e4rung einverstanden. Empathisch Innovativ \u00c4sthetisch Inklusiv Erkennbar Zeitlos Sicher H\u00e4ufig gestellte Fragen Hier finden Sie alle h\u00e4ufig gestellten Fragen aufgelistet. Ist Ihre Frage zu...","protected":false},"author":1,"featured_media":0,"parent":0,"menu_order":0,"comment_status":"closed","ping_status":"closed","template":"","meta":{"inline_featured_image":false,"footnotes":""},"class_list":["post-42","page","type-page","status-publish","hentry"],"_links":{"self":[{"href":"https:\/\/boodie.eu\/de\/wp-json\/wp\/v2\/pages\/42","targetHints":{"allow":["GET"]}}],"collection":[{"href":"https:\/\/boodie.eu\/de\/wp-json\/wp\/v2\/pages"}],"about":[{"href":"https:\/\/boodie.eu\/de\/wp-json\/wp\/v2\/types\/page"}],"author":[{"embeddable":true,"href":"https:\/\/boodie.eu\/de\/wp-json\/wp\/v2\/users\/1"}],"replies":[{"embeddable":true,"href":"https:\/\/boodie.eu\/de\/wp-json\/wp\/v2\/comments?post=42"}],"version-history":[{"count":45,"href":"https:\/\/boodie.eu\/de\/wp-json\/wp\/v2\/pages\/42\/revisions"}],"predecessor-version":[{"id":684,"href":"https:\/\/boodie.eu\/de\/wp-json\/wp\/v2\/pages\/42\/revisions\/684"}],"wp:attachment":[{"href":"https:\/\/boodie.eu\/de\/wp-json\/wp\/v2\/media?parent=42"}],"curies":[{"name":"wp","href":"https:\/\/api.w.org\/{rel}","templated":true}]}}