{"id":175,"date":"2024-08-15T13:28:36","date_gmt":"2024-08-15T11:28:36","guid":{"rendered":"https:\/\/boodie.eu\/?page_id=175"},"modified":"2024-10-15T12:08:56","modified_gmt":"2024-10-15T10:08:56","slug":"faq","status":"publish","type":"page","link":"https:\/\/boodie.eu\/de\/faq\/","title":{"rendered":"H\u00e4ufig gestellte Fragen"},"content":{"rendered":"<section class=\"l-section wpb_row us_custom_54aef480 height_large\"><div class=\"l-section-h i-cf\"><div class=\"g-cols vc_row via_flex valign_top type_default stacking_default\"><div class=\"vc_col-sm-6 wpb_column vc_column_container\"><div class=\"vc_column-inner\"><div class=\"wpb_wrapper\"><div class=\"wpb_text_column\"><div class=\"wpb_wrapper\"><h2>H\u00e4ufig gestellte Fragen<\/h2>\n<\/div><\/div><div class=\"wpb_text_column us_custom_e4648a40\"><div class=\"wpb_wrapper\"><p><span data-metadata=\"&lt;!--(figmeta)eyJmaWxlS2V5IjoiS0pvTVFLeWdWeHAwVUQ3c1lhNGh3cyIsInBhc3RlSUQiOjE2MTgxNzQ0MDAsImRhdGFUeXBlIjoic2NlbmUifQo=(\/figmeta)--&gt;\"><\/span>Hier finden Sie alle h\u00e4ufig gestellten Fragen aufgelistet. Ist Ihre Frage nicht dabei? Dann z\u00f6gern Sie nicht, uns zu kontaktieren.<\/p>\n<\/div><\/div><div class=\"w-btn-wrapper align_none\"><a class=\"w-btn us-btn-style_1 icon_atright\" href=\"\/de\/contact\/\"><span class=\"w-btn-label\">Kontakt aufnehmen<\/span><i class=\"far fa-arrow-right\"><\/i><\/a><\/div><\/div><\/div><\/div><div class=\"vc_col-sm-6 wpb_column vc_column_container\"><div class=\"vc_column-inner\"><div class=\"wpb_wrapper\"><div class=\"w-tabs us_custom_6111e7b6 style_default switch_click accordion remove_indents\" style=\"--sections-title-size:clamp(20px, 2.4vw, 24px)\"><div class=\"w-tabs-sections titles-align_none icon_plus cpos_right\"><div class=\"w-tabs-section no_indents\" id=\"y4fa\"><button class=\"w-tabs-section-header\" aria-controls=\"content-y4fa\" aria-expanded=\"false\"><h5 class=\"w-tabs-section-title\">Welche Gr\u00f6\u00dfe ben\u00f6tige ich?<\/h5><div class=\"w-tabs-section-control\"><\/div><\/button><div  class=\"w-tabs-section-content\" id=\"content-y4fa\"><div class=\"w-tabs-section-content-h i-cf\"><div class=\"wpb_text_column\"><div class=\"wpb_wrapper\"><p><span data-metadata=\"&lt;!--(figmeta)eyJmaWxlS2V5IjoiS0pvTVFLeWdWeHAwVUQ3c1lhNGh3cyIsInBhc3RlSUQiOjE2MTgxNzQ0MDAsImRhdGFUeXBlIjoic2NlbmUifQo=(\/figmeta)--&gt;\"><\/span>Der Boodie kommt in einer bequemen \u00dcbergr\u00f6\u00dfe, die jedem passt. In unserem Webshop und auf unserem Instagram-Feed siehst du verschiedene Models mit unterschiedlichen Gr\u00f6\u00dfen, die alle die gleiche Boodie-Gr\u00f6\u00dfe tragen. Nat\u00fcrlich ist die Kapuze sch\u00f6n eng anliegend, damit Au\u00dfenger\u00e4usche so gut wie m\u00f6glich abgeschirmt werden. M\u00f6chten Sie den Boodie anprobieren oder mieten? Das k\u00f6nnen Sie bei Heikeshandel (<a href=\"https:\/\/heikeshandel.nl\/\" target=\"_blank\" rel=\"noopener\">heikeshandel.nl<\/a>).<\/p>\n<\/div><\/div><\/div><\/div><\/div><div class=\"w-tabs-section no_indents\" id=\"s5b3\"><button class=\"w-tabs-section-header\" aria-controls=\"content-s5b3\" aria-expanded=\"false\"><h5 class=\"w-tabs-section-title\">Warum haben Sie sich f\u00fcr eine \u00e4rmellose Strickjacke entschieden?<\/h5><div class=\"w-tabs-section-control\"><\/div><\/button><div  class=\"w-tabs-section-content\" id=\"content-s5b3\"><div class=\"w-tabs-section-content-h i-cf\"><div class=\"wpb_text_column\"><div class=\"wpb_wrapper\"><p><span data-metadata=\"&lt;!--(figmeta)eyJmaWxlS2V5IjoiS0pvTVFLeWdWeHAwVUQ3c1lhNGh3cyIsInBhc3RlSUQiOjE2MTgxNzQ0MDAsImRhdGFUeXBlIjoic2NlbmUifQo=(\/figmeta)--&gt;\"><\/span>Der Boodie ist eine Ganzjahresweste. \u00c4rmellos k\u00f6nnen Sie die Weste im Sommer mit einem Mieder und im Winter mit einem Pullover tragen.<\/p>\n<\/div><\/div><\/div><\/div><\/div><div class=\"w-tabs-section no_indents\" id=\"h695\"><button class=\"w-tabs-section-header\" aria-controls=\"content-h695\" aria-expanded=\"false\"><h5 class=\"w-tabs-section-title\">Ist das Produkt nachhaltig?<\/h5><div class=\"w-tabs-section-control\"><\/div><\/button><div  class=\"w-tabs-section-content\" id=\"content-h695\"><div class=\"w-tabs-section-content-h i-cf\"><div class=\"wpb_text_column\"><div class=\"wpb_wrapper\"><p><span style=\"font-weight: 400;\">Neben Komfort, Tragekomfort und Passform stellen wir hohe Anforderungen an die Produktion. Die Produktion des Boodie erfolgt mit Unterst\u00fctzung von Gray-Label <\/span><a href=\"https:\/\/gray-label.com\/\" target=\"_blank\" rel=\"noopener\"><span style=\"font-weight: 400;\">https:\/\/gray-label.com\/<\/span><\/a><span style=\"font-weight: 400;\"> (blauer und schwarzer Boodie) und die N\u00e4hwerkstatt von Thread and deed <\/span><a href=\"https:\/\/draadendaad.nl\/\" target=\"_blank\" rel=\"noopener\"><span style=\"font-weight: 400;\">Draht und Urkunde<\/span><\/a><span style=\"font-weight: 400;\"> (Green Boodie). Wir bem\u00fchen uns, unsere Auswirkungen auf die Umwelt zu minimieren. Unser Leitprinzip ist es, qualitativ hochwertige Produkte herzustellen, die mehrere Lebenszyklen \u00fcberdauern.\u00a0<\/span><\/p>\n<\/div><\/div><\/div><\/div><\/div><div class=\"w-tabs-section no_indents\" id=\"k737\"><button class=\"w-tabs-section-header\" aria-controls=\"content-k737\" aria-expanded=\"false\"><h5 class=\"w-tabs-section-title\">Kann ich es richtig waschen?<\/h5><div class=\"w-tabs-section-control\"><\/div><\/button><div  class=\"w-tabs-section-content\" id=\"content-k737\"><div class=\"w-tabs-section-content-h i-cf\"><div class=\"wpb_text_column\"><div class=\"wpb_wrapper\"><p><span data-metadata=\"&lt;!--(figmeta)eyJmaWxlS2V5IjoiS0pvTVFLeWdWeHAwVUQ3c1lhNGh3cyIsInBhc3RlSUQiOjE2MTgxNzQ0MDAsImRhdGFUeXBlIjoic2NlbmUifQo=(\/figmeta)--&gt;\"><\/span>Am besten waschen Sie den Baumwoll-Boodie \u201ckalt\u201d oder bis 30 Grad, auf links und mit einem fl\u00fcssigen Feinwaschmittel. Nicht mit Denim, sondern mit \u00e4hnlichen Farben waschen und auf keinen Fall im Trockner trocknen. Bitte beachten Sie, dass Baumwolle ein Naturprodukt ist, das sich mit der Zeit verf\u00e4rben kann.<br \/>\nDa man den Boodie \u00fcber der Kleidung tr\u00e4gt (wie eine Jacke), muss er nicht so oft gewaschen werden und h\u00e4lt daher lange.<\/p>\n<\/div><\/div><\/div><\/div><\/div><div class=\"w-tabs-section no_indents\" id=\"s832\"><button class=\"w-tabs-section-header\" aria-controls=\"content-s832\" aria-expanded=\"false\"><h5 class=\"w-tabs-section-title\">Wie funktioniert der Versand?<\/h5><div class=\"w-tabs-section-control\"><\/div><\/button><div  class=\"w-tabs-section-content\" id=\"content-s832\"><div class=\"w-tabs-section-content-h i-cf\"><div class=\"wpb_text_column\"><div class=\"wpb_wrapper\"><p><span style=\"font-weight: 400;\">Alle Pakete innerhalb der Niederlande werden mit PostNL verschickt.\u00a0<\/span><\/p>\n<p><b>Niederlande<\/b><\/p>\n<p><span style=\"font-weight: 400;\">Boodies werden in kleinen Chargen hergestellt und sorgf\u00e4ltig von Hand verpackt. Daher ist die Lieferzeit etwas l\u00e4nger als bei normalen Produkten. Sie erhalten Ihre Bestellung sp\u00e4testens 4 Wochen nach Zahlungseingang.<\/span><\/p>\n<p><b>Europa und andere L\u00e4nder<\/b><\/p>\n<p><span style=\"font-weight: 400;\">Schicken Sie uns eine E-Mail, wenn Sie aus einem anderen Land bestellen. Wir werden Ihnen dann die Kosten und Bedingungen mitteilen. Post an <\/span><a href=\"mailto:contact@boodie.eu\"><span style=\"font-weight: 400;\">contact@boodie.eu<\/span><\/a><span style=\"font-weight: 400;\"> dann schicken wir Ihnen die Anweisungen.<\/span><\/p>\n<\/div><\/div><\/div><\/div><\/div><div class=\"w-tabs-section no_indents\" id=\"a8e6\"><button class=\"w-tabs-section-header\" aria-controls=\"content-a8e6\" aria-expanded=\"false\"><h5 class=\"w-tabs-section-title\">Wie funktioniert das R\u00fcckgabeverfahren?<\/h5><div class=\"w-tabs-section-control\"><\/div><\/button><div  class=\"w-tabs-section-content\" id=\"content-a8e6\"><div class=\"w-tabs-section-content-h i-cf\"><div class=\"wpb_text_column\"><div class=\"wpb_wrapper\"><p><span style=\"font-weight: 400;\">Der Boodie wurde sorgf\u00e4ltig f\u00fcr Menschen mit Reiz\u00fcberempfindlichkeit entwickelt, und jedes St\u00fcck wird mit Sorgfalt hergestellt. R\u00fccksendungen belasten nicht nur die Umwelt, sondern k\u00f6nnen auch durch bewusste Entscheidungen vermieden werden. R\u00fccksendungen? Post an <\/span><a href=\"mailto:contact@boodie.eu\"><span style=\"font-weight: 400;\">contact@boodie.eu<\/span><\/a><span style=\"font-weight: 400;\">\u00a0Sie werden dann weitere Anweisungen erhalten.\u00a0<\/span><\/p>\n<\/div><\/div><\/div><\/div><\/div><div class=\"w-tabs-section no_indents\" id=\"w976\"><button class=\"w-tabs-section-header\" aria-controls=\"content-w976\" aria-expanded=\"false\"><h5 class=\"w-tabs-section-title\">Wie kann ich dazu beitragen, etwas zu bewirken?<\/h5><div class=\"w-tabs-section-control\"><\/div><\/button><div  class=\"w-tabs-section-content\" id=\"content-w976\"><div class=\"w-tabs-section-content-h i-cf\"><div class=\"wpb_text_column\"><div class=\"wpb_wrapper\"><p><span style=\"font-weight: 400;\">Unser Ziel ist eine integrative Gesellschaft, in der jeder Kunst und Kultur genie\u00dfen kann. The Boodie unterst\u00fctzt die NAH-yes! Dieser Theaterverein setzt sich f\u00fcr Menschen mit nicht angeborenen Hirnsch\u00e4digungen (NAH) ein. Gemeinsam machen wir einen Unterschied f\u00fcr Menschen, die zus\u00e4tzliche Unterst\u00fctzung brauchen!<\/span><\/p>\n<\/div><\/div><\/div><\/div><\/div><\/div><\/div><\/div><\/div><\/div><\/div><\/div><\/section>","protected":false},"excerpt":{"rendered":"H\u00e4ufig gestellte Fragen Hier finden Sie alle h\u00e4ufig gestellten Fragen aufgelistet. Ist Ihre Frage nicht dabei? Kontaktieren Sie uns einfach. KontaktWelche Gr\u00f6\u00dfe brauche ich? Der Boodie kommt in einer bequemen \u00dcbergr\u00f6\u00dfe, die jedem passt. In unserem Webshop und auf Instagram siehst du verschiedene Models mit unterschiedlichen Gr\u00f6\u00dfen, die alle denselben Boodie tragen,...","protected":false},"author":1,"featured_media":0,"parent":0,"menu_order":0,"comment_status":"closed","ping_status":"closed","template":"","meta":{"inline_featured_image":false,"footnotes":""},"class_list":["post-175","page","type-page","status-publish","hentry"],"_links":{"self":[{"href":"https:\/\/boodie.eu\/de\/wp-json\/wp\/v2\/pages\/175","targetHints":{"allow":["GET"]}}],"collection":[{"href":"https:\/\/boodie.eu\/de\/wp-json\/wp\/v2\/pages"}],"about":[{"href":"https:\/\/boodie.eu\/de\/wp-json\/wp\/v2\/types\/page"}],"author":[{"embeddable":true,"href":"https:\/\/boodie.eu\/de\/wp-json\/wp\/v2\/users\/1"}],"replies":[{"embeddable":true,"href":"https:\/\/boodie.eu\/de\/wp-json\/wp\/v2\/comments?post=175"}],"version-history":[{"count":20,"href":"https:\/\/boodie.eu\/de\/wp-json\/wp\/v2\/pages\/175\/revisions"}],"predecessor-version":[{"id":578,"href":"https:\/\/boodie.eu\/de\/wp-json\/wp\/v2\/pages\/175\/revisions\/578"}],"wp:attachment":[{"href":"https:\/\/boodie.eu\/de\/wp-json\/wp\/v2\/media?parent=175"}],"curies":[{"name":"wp","href":"https:\/\/api.w.org\/{rel}","templated":true}]}}