{"id":173,"date":"2024-08-15T13:27:41","date_gmt":"2024-08-15T11:27:41","guid":{"rendered":"https:\/\/boodie.eu\/?page_id=173"},"modified":"2025-02-18T11:47:31","modified_gmt":"2025-02-18T10:47:31","slug":"over-ons","status":"publish","type":"page","link":"https:\/\/boodie.eu\/de\/over-ons\/","title":{"rendered":"\u00dcber uns"},"content":{"rendered":"<section class=\"l-section wpb_row height_large\"><div class=\"l-section-h i-cf\"><div class=\"g-cols vc_row via_flex valign_middle type_default stacking_default\"><div class=\"vc_col-sm-6 wpb_column vc_column_container\"><div class=\"vc_column-inner\"><div class=\"wpb_wrapper\"><div class=\"wpb_text_column\"><div class=\"wpb_wrapper\"><h2>Unser <strong>Geschichte<\/strong><\/h2>\n<\/div><\/div><div class=\"wpb_text_column\"><div class=\"wpb_wrapper\"><p>Marielle erlitt 2015 im Alter von 41 Jahren einen Schlaganfall. Aufgrund ihrer nicht angeborenen Hirnverletzung (NAH) hatte sie mit Reiz\u00fcberflutung zu k\u00e4mpfen. Gemeinsam mit ihrem Ehemann Koen, einem Designer von Beruf, entwickelte sie den Boodie. Der Boodie ist eine Komfortweste mit einem D\u00e4mpfungseffekt f\u00fcr Licht und Schall.<\/p>\n<p>Der Boodie wurde entwickelt auf Initiative von <a href=\"https:\/\/nah-ja.nl\/\" target=\"_blank\" rel=\"noopener\">NAH-Ja!<\/a> und gepr\u00e4gt von den Modedesignern der <a href=\"https:\/\/www.neworderoffashion.com\/\" target=\"_blank\" rel=\"noopener\">Neue Ordnung der Mode<\/a>.<\/p>\n<\/div><\/div><div class=\"w-btn-wrapper align_none\"><a class=\"w-btn us-btn-style_1 icon_atright\" href=\"\/de\/produkt\/boodie-hoodie\/\"><span class=\"w-btn-label\">Boodie bestellen<\/span><i class=\"far fa-arrow-right\"><\/i><\/a><\/div><\/div><\/div><\/div><div class=\"vc_col-sm-6 wpb_column vc_column_container\"><div class=\"vc_column-inner\"><div class=\"wpb_wrapper\"><div class=\"w-slider us_custom_f4ca0600 style_none fit_cover nav_none has_border_radius has_ratio count_3\" style=\"--aspect-ratio: 5\/4;\"><div class=\"w-slider-h\" aria-hidden=\"true\"><div class=\"royalSlider\"><div class=\"rsContent\"><a class=\"rsImg\" data-rsw=\"1271\" data-rsh=\"1600\" href=\"https:\/\/boodie.eu\/wp-content\/uploads\/2024\/10\/Boodie-ons-verhaal-carousel-01.jpg\"><span data-alt=\"\"><\/span><\/a><\/div><div class=\"rsContent\"><a class=\"rsImg\" data-rsw=\"1284\" data-rsh=\"1149\" href=\"https:\/\/boodie.eu\/wp-content\/uploads\/2024\/10\/Boodie-ons-verhaal-carousel-02-e1728739949973.jpg\"><span data-alt=\"\"><\/span><\/a><\/div><div class=\"rsContent\"><a class=\"rsImg\" data-rsw=\"1276\" data-rsh=\"1600\" href=\"https:\/\/boodie.eu\/wp-content\/uploads\/2024\/10\/Boodie-ons-verhaal-carousel-03.jpg\"><span data-alt=\"\"><\/span><\/a><\/div><\/div><img decoding=\"async\" src=\"https:\/\/boodie.eu\/wp-content\/uploads\/2024\/10\/Boodie-ons-verhaal-carousel-01.jpg\" width=\"1271\" height=\"1600\" alt loading=\"lazy\"><\/div><div class=\"w-slider-json\" onclick='return {&quot;autoScaleSlider&quot;:false,&quot;addActiveClass&quot;:true,&quot;loop&quot;:true,&quot;fadeInLoadedSlide&quot;:false,&quot;slidesSpacing&quot;:0,&quot;imageScalePadding&quot;:0,&quot;numImagesToPreload&quot;:2,&quot;arrowsNav&quot;:true,&quot;arrowsNavAutoHide&quot;:false,&quot;transitionType&quot;:&quot;move&quot;,&quot;transitionSpeed&quot;:250,&quot;block&quot;:{&quot;moveEffect&quot;:&quot;none&quot;,&quot;speed&quot;:300},&quot;thumbs&quot;:{&quot;fitInViewport&quot;:false,&quot;firstMargin&quot;:false,&quot;spacing&quot;:4},&quot;controlNavigation&quot;:&quot;none&quot;,&quot;autoplay&quot;:{&quot;enabled&quot;:true,&quot;pauseOnHover&quot;:true,&quot;delay&quot;:3000}}'><\/div><\/div><\/div><\/div><\/div><\/div><\/div><\/section><section class=\"l-section wpb_row height_large color_alternate with_shape\"><div class=\"l-section-shape type_curve pos_top on_front\" style=\"height:8vmin;\"><svg xmlns=\"http:\/\/www.w3.org\/2000\/svg\" viewbox=\"0 0 64 8\" preserveaspectratio=\"none\" width=\"100%\" height=\"100%\">\r\n\t<path fill=\"currentColor\" d=\"M64 8 L64 0 Q32 15.8 0 0 L0 8 Z\"\/>\r\n<\/svg><\/div><div class=\"l-section-h i-cf\"><div class=\"g-cols vc_row via_flex valign_top type_default stacking_default\"><div class=\"vc_col-sm-12 wpb_column vc_column_container\"><div class=\"vc_column-inner\"><div class=\"wpb_wrapper\"><div class=\"wpb_text_column us_custom_cd7939b3\"><div class=\"wpb_wrapper\"><h3 style=\"text-align: center;\">\u201cUnser Ziel ist es, dass alle Menschen in den Genuss von Kunst und Kultur kommen.\u201d<\/h3>\n<\/div><\/div><\/div><\/div><\/div><\/div><\/div><\/section>","protected":false},"excerpt":{"rendered":"Unsere Geschichte Marielle erlitt 2015 im Alter von 41 Jahren einen Schlaganfall. Aufgrund ihrer nicht angeborenen Hirnsch\u00e4digung (NAH) hatte sie mit Reiz\u00fcberflutung zu k\u00e4mpfen. Gemeinsam mit ihrem Ehemann Koen, einem Designer von Beruf, entwickelte sie den Boodie. Der Boodie ist eine Komfortweste mit einem D\u00e4mpfungseffekt f\u00fcr Licht und Schall. Der Boodie wurde auf Initiative von NAH-yes!.","protected":false},"author":1,"featured_media":0,"parent":0,"menu_order":0,"comment_status":"closed","ping_status":"closed","template":"","meta":{"inline_featured_image":false,"footnotes":""},"class_list":["post-173","page","type-page","status-publish","hentry"],"_links":{"self":[{"href":"https:\/\/boodie.eu\/de\/wp-json\/wp\/v2\/pages\/173","targetHints":{"allow":["GET"]}}],"collection":[{"href":"https:\/\/boodie.eu\/de\/wp-json\/wp\/v2\/pages"}],"about":[{"href":"https:\/\/boodie.eu\/de\/wp-json\/wp\/v2\/types\/page"}],"author":[{"embeddable":true,"href":"https:\/\/boodie.eu\/de\/wp-json\/wp\/v2\/users\/1"}],"replies":[{"embeddable":true,"href":"https:\/\/boodie.eu\/de\/wp-json\/wp\/v2\/comments?post=173"}],"version-history":[{"count":25,"href":"https:\/\/boodie.eu\/de\/wp-json\/wp\/v2\/pages\/173\/revisions"}],"predecessor-version":[{"id":641,"href":"https:\/\/boodie.eu\/de\/wp-json\/wp\/v2\/pages\/173\/revisions\/641"}],"wp:attachment":[{"href":"https:\/\/boodie.eu\/de\/wp-json\/wp\/v2\/media?parent=173"}],"curies":[{"name":"wp","href":"https:\/\/api.w.org\/{rel}","templated":true}]}}